{"id":2,"date":"2025-05-22T21:41:28","date_gmt":"2025-05-22T19:41:28","guid":{"rendered":"http:\/\/arkaddl.cluster029.hosting.ovh.net\/?page_id=2"},"modified":"2025-06-13T15:07:39","modified_gmt":"2025-06-13T13:07:39","slug":"page-d-exemple","status":"publish","type":"page","link":"https:\/\/www.arkaddan.fr\/","title":{"rendered":"La P\u00e8lerine des \u00c2mes"},"content":{"rendered":"\t\t<div data-elementor-type=\"wp-page\" data-elementor-id=\"2\" class=\"elementor elementor-2\">\n\t\t\t\t<div class=\"elementor-element elementor-element-20f5d16 e-flex e-con-boxed e-con e-parent\" data-id=\"20f5d16\" data-element_type=\"container\">\n\t\t\t\t\t<div class=\"e-con-inner\">\n\t\t\t\t<div class=\"elementor-element elementor-element-d76d889 elementor-widget elementor-widget-image\" data-id=\"d76d889\" data-element_type=\"widget\" data-widget_type=\"image.default\">\n\t\t\t\t<div class=\"elementor-widget-container\">\n\t\t\t\t\t\t\t\t\t\t\t\t\t\t\t<img fetchpriority=\"high\" decoding=\"async\" width=\"450\" height=\"674\" src=\"https:\/\/www.arkaddan.fr\/wp-content\/uploads\/2025\/06\/8b7359f4-f7cc-4455-95d6-1a8ed7692d21.jpg\" class=\"attachment-large size-large wp-image-25\" alt=\"\" srcset=\"https:\/\/www.arkaddan.fr\/wp-content\/uploads\/2025\/06\/8b7359f4-f7cc-4455-95d6-1a8ed7692d21.jpg 450w, https:\/\/www.arkaddan.fr\/wp-content\/uploads\/2025\/06\/8b7359f4-f7cc-4455-95d6-1a8ed7692d21-200x300.jpg 200w\" sizes=\"(max-width: 450px) 100vw, 450px\" \/>\t\t\t\t\t\t\t\t\t\t\t\t\t\t\t<\/div>\n\t\t\t\t<\/div>\n\t\t\t\t\t<\/div>\n\t\t\t\t<\/div>\n\t\t<div class=\"elementor-element elementor-element-138e8b5 e-flex e-con-boxed e-con e-parent\" data-id=\"138e8b5\" data-element_type=\"container\">\n\t\t\t\t\t<div class=\"e-con-inner\">\n\t\t\t\t<div class=\"elementor-element elementor-element-59676aa7 elementor-widget elementor-widget-text-editor\" data-id=\"59676aa7\" data-element_type=\"widget\" data-widget_type=\"text-editor.default\">\n\t\t\t\t<div class=\"elementor-widget-container\">\n\t\t\t\t\t\t\t\t\t<p><\/p>\n<p><span style=\"color: #1b1b1b; font-family: 'Roboto Slab', serif; font-size: 14.56px;\">Claire Duval, avocate brillante au pass\u00e9 tourment\u00e9, se d\u00e9couvre un don hors du commun : elle per\u00e7oit les murmures secrets \u00e9manant des \u00e2mes. Ce pouvoir, \u00e0 la fois fascinant et terrifiant, la conduit dans un p\u00e9riple int\u00e9rieur o\u00f9 elle explore les m\u00e9andres des existences humaines et exhume des v\u00e9rit\u00e9s longtemps oubli\u00e9es. Au fil de ses rencontres, Claire voyage dans les souvenirs et les vies pass\u00e9es de ceux qu\u2019elle croise, se retrouvant face \u00e0 des destins bris\u00e9s, des passions \u00e9touff\u00e9es et des espoirs vol\u00e9s. Bien plus qu\u2019une simple observatrice, elle se mue en interpr\u00e8te des mondes int\u00e9rieurs, d\u00e9voilant les sentiments inavou\u00e9s, les d\u00e9sirs secrets et les myst\u00e8res dissimul\u00e9s derri\u00e8re chaque regard. Entre r\u00e9alit\u00e9 et r\u00eave, espoir et d\u00e9sillusion, Claire guide le lecteur au c\u0153ur de voyages intimes, r\u00e9v\u00e9lant avec d\u00e9licatesse les facettes cach\u00e9es et la fragilit\u00e9 de chaque \u00eatre. Ce roman plonge dans un univers o\u00f9 les \u00e9motions se r\u00e9pondent, o\u00f9 chaque \u00e2me cache un secret \u00e0 d\u00e9couvrir et o\u00f9 la qu\u00eate de soi se m\u00eale inextricablement \u00e0 celle des autres. \u00c0 travers ce r\u00e9cit intimiste, il offre une r\u00e9flexion sur la dualit\u00e9 entre les masques que nous portons et nos exp\u00e9riences intimes, invitant chacun \u00e0 une introspection sinc\u00e8re et \u00e0 une r\u00e9conciliation avec soi-m\u00eame.<\/span><\/p>\n<p><\/p>\t\t\t\t\t\t\t\t<\/div>\n\t\t\t\t<\/div>\n\t\t\t\t\t<\/div>\n\t\t\t\t<\/div>\n\t\t<div class=\"elementor-element elementor-element-c2dd5ce e-flex e-con-boxed e-con e-parent\" data-id=\"c2dd5ce\" data-element_type=\"container\">\n\t\t\t\t\t<div class=\"e-con-inner\">\n\t\t\t\t<div class=\"elementor-element elementor-element-df2d150 elementor-widget elementor-widget-heading\" data-id=\"df2d150\" data-element_type=\"widget\" data-widget_type=\"heading.default\">\n\t\t\t\t<div class=\"elementor-widget-container\">\n\t\t\t\t\t<h2 class=\"elementor-heading-title elementor-size-default\">Acheter le livre<\/h2>\t\t\t\t<\/div>\n\t\t\t\t<\/div>\n\t\t\t\t\t<\/div>\n\t\t\t\t<\/div>\n\t\t<div class=\"elementor-element elementor-element-b2175c8 e-flex e-con-boxed e-con e-parent\" data-id=\"b2175c8\" data-element_type=\"container\">\n\t\t\t\t\t<div class=\"e-con-inner\">\n\t\t<div class=\"elementor-element elementor-element-4b2f82a e-con-full e-flex e-con e-child\" data-id=\"4b2f82a\" data-element_type=\"container\">\n\t\t\t\t<div class=\"elementor-element elementor-element-5d8f26d elementor-widget elementor-widget-image\" data-id=\"5d8f26d\" data-element_type=\"widget\" data-widget_type=\"image.default\">\n\t\t\t\t<div class=\"elementor-widget-container\">\n\t\t\t\t\t\t\t\t\t\t\t\t\t\t\t\t<a href=\"https:\/\/www.amazon.fr\/dp\/B0F3W4LD9H\">\n\t\t\t\t\t\t\t<img decoding=\"async\" width=\"1024\" height=\"195\" src=\"https:\/\/www.arkaddan.fr\/wp-content\/uploads\/2025\/06\/Amazon_Books_logo.svg_-1024x195.png\" class=\"attachment-large size-large wp-image-24\" alt=\"\" srcset=\"https:\/\/www.arkaddan.fr\/wp-content\/uploads\/2025\/06\/Amazon_Books_logo.svg_-1024x195.png 1024w, https:\/\/www.arkaddan.fr\/wp-content\/uploads\/2025\/06\/Amazon_Books_logo.svg_-300x57.png 300w, https:\/\/www.arkaddan.fr\/wp-content\/uploads\/2025\/06\/Amazon_Books_logo.svg_-768x146.png 768w, https:\/\/www.arkaddan.fr\/wp-content\/uploads\/2025\/06\/Amazon_Books_logo.svg_-1536x293.png 1536w, https:\/\/www.arkaddan.fr\/wp-content\/uploads\/2025\/06\/Amazon_Books_logo.svg_-2048x390.png 2048w\" sizes=\"(max-width: 1024px) 100vw, 1024px\" \/>\t\t\t\t\t\t\t\t<\/a>\n\t\t\t\t\t\t\t\t\t\t\t\t\t\t\t<\/div>\n\t\t\t\t<\/div>\n\t\t\t\t<\/div>\n\t\t<div class=\"elementor-element elementor-element-336a299 e-con-full e-flex e-con e-child\" data-id=\"336a299\" data-element_type=\"container\">\n\t\t\t\t<div class=\"elementor-element elementor-element-8087446 elementor-widget elementor-widget-image\" data-id=\"8087446\" data-element_type=\"widget\" data-widget_type=\"image.default\">\n\t\t\t\t<div class=\"elementor-widget-container\">\n\t\t\t\t\t\t\t\t\t\t\t\t\t\t\t\t<a href=\"https:\/\/books2read.com\/u\/mv87yz?store=apple&#038;format=EBOOK\">\n\t\t\t\t\t\t\t<img decoding=\"async\" width=\"128\" height=\"128\" src=\"https:\/\/www.arkaddan.fr\/wp-content\/uploads\/2025\/06\/6edb18f6434ef86f6c0b7703c7922ae2.png\" class=\"attachment-large size-large wp-image-21\" alt=\"\" srcset=\"https:\/\/www.arkaddan.fr\/wp-content\/uploads\/2025\/06\/6edb18f6434ef86f6c0b7703c7922ae2.png 128w, https:\/\/www.arkaddan.fr\/wp-content\/uploads\/2025\/06\/6edb18f6434ef86f6c0b7703c7922ae2-70x70.png 70w\" sizes=\"(max-width: 128px) 100vw, 128px\" \/>\t\t\t\t\t\t\t\t<\/a>\n\t\t\t\t\t\t\t\t\t\t\t\t\t\t\t<\/div>\n\t\t\t\t<\/div>\n\t\t\t\t<\/div>\n\t\t<div class=\"elementor-element elementor-element-ee028f2 e-con-full e-flex e-con e-child\" data-id=\"ee028f2\" data-element_type=\"container\">\n\t\t\t\t<div class=\"elementor-element elementor-element-a6f1d92 elementor-widget elementor-widget-image\" data-id=\"a6f1d92\" data-element_type=\"widget\" data-widget_type=\"image.default\">\n\t\t\t\t<div class=\"elementor-widget-container\">\n\t\t\t\t\t\t\t\t\t\t\t\t\t\t\t\t<a href=\"https:\/\/shop.vivlio.com\/product\/9798231451296_9798231451296_10020\/la-pelerine-des-ames\">\n\t\t\t\t\t\t\t<img loading=\"lazy\" decoding=\"async\" width=\"128\" height=\"128\" src=\"https:\/\/www.arkaddan.fr\/wp-content\/uploads\/2025\/06\/a0923a79cbbc8e3dfbc1c317910c1eab.png\" class=\"attachment-large size-large wp-image-23\" alt=\"\" srcset=\"https:\/\/www.arkaddan.fr\/wp-content\/uploads\/2025\/06\/a0923a79cbbc8e3dfbc1c317910c1eab.png 128w, https:\/\/www.arkaddan.fr\/wp-content\/uploads\/2025\/06\/a0923a79cbbc8e3dfbc1c317910c1eab-70x70.png 70w\" sizes=\"(max-width: 128px) 100vw, 128px\" \/>\t\t\t\t\t\t\t\t<\/a>\n\t\t\t\t\t\t\t\t\t\t\t\t\t\t\t<\/div>\n\t\t\t\t<\/div>\n\t\t\t\t<\/div>\n\t\t<div class=\"elementor-element elementor-element-4cc0872 e-con-full e-flex e-con e-child\" data-id=\"4cc0872\" data-element_type=\"container\">\n\t\t\t\t<div class=\"elementor-element elementor-element-769c3c3 elementor-widget elementor-widget-image\" data-id=\"769c3c3\" data-element_type=\"widget\" data-widget_type=\"image.default\">\n\t\t\t\t<div class=\"elementor-widget-container\">\n\t\t\t\t\t\t\t\t\t\t\t\t\t\t\t\t<a href=\"https:\/\/books2read.com\/u\/mv87yz?store=kobo&#038;format=EBOOK\">\n\t\t\t\t\t\t\t<img loading=\"lazy\" decoding=\"async\" width=\"128\" height=\"128\" src=\"https:\/\/www.arkaddan.fr\/wp-content\/uploads\/2025\/06\/b31ef72734ba68f9b0f17f881c307f89.png\" class=\"attachment-large size-large wp-image-22\" alt=\"\" srcset=\"https:\/\/www.arkaddan.fr\/wp-content\/uploads\/2025\/06\/b31ef72734ba68f9b0f17f881c307f89.png 128w, https:\/\/www.arkaddan.fr\/wp-content\/uploads\/2025\/06\/b31ef72734ba68f9b0f17f881c307f89-70x70.png 70w\" sizes=\"(max-width: 128px) 100vw, 128px\" \/>\t\t\t\t\t\t\t\t<\/a>\n\t\t\t\t\t\t\t\t\t\t\t\t\t\t\t<\/div>\n\t\t\t\t<\/div>\n\t\t\t\t<\/div>\n\t\t\t\t\t<\/div>\n\t\t\t\t<\/div>\n\t\t\t\t<\/div>\n\t\t","protected":false},"excerpt":{"rendered":"<p>Claire Duval, avocate brillante au pass\u00e9 tourment\u00e9, se d\u00e9couvre un don hors du commun : elle per\u00e7oit les murmures secrets \u00e9manant des \u00e2mes. Ce pouvoir, \u00e0 la fois fascinant et terrifiant, la conduit dans un p\u00e9riple int\u00e9rieur o\u00f9 elle explore les m\u00e9andres des existences humaines &hellip; <\/p>\n","protected":false},"author":1,"featured_media":0,"parent":0,"menu_order":0,"comment_status":"closed","ping_status":"open","template":"","meta":{"footnotes":""},"class_list":["post-2","page","type-page","status-publish","hentry"],"_links":{"self":[{"href":"https:\/\/www.arkaddan.fr\/index.php\/wp-json\/wp\/v2\/pages\/2","targetHints":{"allow":["GET"]}}],"collection":[{"href":"https:\/\/www.arkaddan.fr\/index.php\/wp-json\/wp\/v2\/pages"}],"about":[{"href":"https:\/\/www.arkaddan.fr\/index.php\/wp-json\/wp\/v2\/types\/page"}],"author":[{"embeddable":true,"href":"https:\/\/www.arkaddan.fr\/index.php\/wp-json\/wp\/v2\/users\/1"}],"replies":[{"embeddable":true,"href":"https:\/\/www.arkaddan.fr\/index.php\/wp-json\/wp\/v2\/comments?post=2"}],"version-history":[{"count":3,"href":"https:\/\/www.arkaddan.fr\/index.php\/wp-json\/wp\/v2\/pages\/2\/revisions"}],"predecessor-version":[{"id":28,"href":"https:\/\/www.arkaddan.fr\/index.php\/wp-json\/wp\/v2\/pages\/2\/revisions\/28"}],"wp:attachment":[{"href":"https:\/\/www.arkaddan.fr\/index.php\/wp-json\/wp\/v2\/media?parent=2"}],"curies":[{"name":"wp","href":"https:\/\/api.w.org\/{rel}","templated":true}]}}