{"id":9,"date":"2025-05-23T06:35:51","date_gmt":"2025-05-23T04:35:51","guid":{"rendered":"http:\/\/arkaddl.cluster029.hosting.ovh.net\/?page_id=9"},"modified":"2025-06-13T15:13:07","modified_gmt":"2025-06-13T13:13:07","slug":"a-propos","status":"publish","type":"page","link":"https:\/\/www.arkaddan.fr\/index.php\/a-propos\/","title":{"rendered":"\u00c0 propos"},"content":{"rendered":"\t\t<div data-elementor-type=\"wp-post\" data-elementor-id=\"9\" class=\"elementor elementor-9\">\n\t\t\t\t<div class=\"elementor-element elementor-element-04b3381 e-flex e-con-boxed e-con e-parent\" data-id=\"04b3381\" data-element_type=\"container\">\n\t\t\t\t\t<div class=\"e-con-inner\">\n\t\t\t\t<div class=\"elementor-element elementor-element-9f504f4 elementor-widget elementor-widget-heading\" data-id=\"9f504f4\" data-element_type=\"widget\" data-widget_type=\"heading.default\">\n\t\t\t\t<div class=\"elementor-widget-container\">\n\t\t\t\t\t<h2 class=\"elementor-heading-title elementor-size-default\">Qui est l'auteur ?<\/h2>\t\t\t\t<\/div>\n\t\t\t\t<\/div>\n\t\t\t\t<div class=\"elementor-element elementor-element-5c97d38 elementor-widget elementor-widget-image\" data-id=\"5c97d38\" data-element_type=\"widget\" data-widget_type=\"image.default\">\n\t\t\t\t<div class=\"elementor-widget-container\">\n\t\t\t\t\t\t\t\t\t\t\t\t\t\t\t<img fetchpriority=\"high\" decoding=\"async\" width=\"450\" height=\"450\" src=\"https:\/\/www.arkaddan.fr\/wp-content\/uploads\/2025\/06\/pdakjn04hcaimfubapctbcvfrp._SY450_CR00450450_.jpg\" class=\"attachment-large size-large wp-image-17\" alt=\"\" srcset=\"https:\/\/www.arkaddan.fr\/wp-content\/uploads\/2025\/06\/pdakjn04hcaimfubapctbcvfrp._SY450_CR00450450_.jpg 450w, https:\/\/www.arkaddan.fr\/wp-content\/uploads\/2025\/06\/pdakjn04hcaimfubapctbcvfrp._SY450_CR00450450_-300x300.jpg 300w, https:\/\/www.arkaddan.fr\/wp-content\/uploads\/2025\/06\/pdakjn04hcaimfubapctbcvfrp._SY450_CR00450450_-150x150.jpg 150w, https:\/\/www.arkaddan.fr\/wp-content\/uploads\/2025\/06\/pdakjn04hcaimfubapctbcvfrp._SY450_CR00450450_-70x70.jpg 70w\" sizes=\"(max-width: 450px) 100vw, 450px\" \/>\t\t\t\t\t\t\t\t\t\t\t\t\t\t\t<\/div>\n\t\t\t\t<\/div>\n\t\t\t\t\t<\/div>\n\t\t\t\t<\/div>\n\t\t<div class=\"elementor-element elementor-element-a9594fc e-flex e-con-boxed e-con e-parent\" data-id=\"a9594fc\" data-element_type=\"container\">\n\t\t\t\t\t<div class=\"e-con-inner\">\n\t\t\t\t<div class=\"elementor-element elementor-element-4958c23 elementor-widget elementor-widget-text-editor\" data-id=\"4958c23\" data-element_type=\"widget\" data-widget_type=\"text-editor.default\">\n\t\t\t\t<div class=\"elementor-widget-container\">\n\t\t\t\t\t\t\t\t\t<p style=\"padding: 0px 0px 12px; margin-right: 0px; margin-bottom: 14px; margin-left: 0px; color: #373e3e; font-family: 'Amazon Ember', Ember, amazon_ember, Arial, Helvetica, sans-serif; font-size: 15px; white-space-collapse: preserve;\">Arkad Dan est un auteur fascin\u00e9 par les m\u00e9andres de l&rsquo;esprit et les myst\u00e8res int\u00e9rieurs, il puise dans ses observations personnelles pour d\u00e9peindre des personnages aux destins entrelac\u00e9s, porteurs de v\u00e9rit\u00e9s cach\u00e9es derri\u00e8re leurs masques. Sa plume, \u00e0 la fois po\u00e9tique et incisive, invite le lecteur \u00e0 un voyage introspectif, o\u00f9 les \u00e9motions se m\u00ealent \u00e0 la raison et d\u00e9voilent la dualit\u00e9 de l&rsquo;\u00eatre humain dans un monde en perp\u00e9tuel changement.<\/p><p style=\"padding: 0px 0px 12px; margin: -4px 0px 14px; color: #373e3e; font-family: 'Amazon Ember', Ember, amazon_ember, Arial, Helvetica, sans-serif; font-size: 15px; white-space-collapse: preserve;\">Dans son premier roman, La p\u00e9lerine des \u00e2mes, il propose une exploration captivante de la psychologie humaine dans toute sa complexit\u00e9.<\/p>\t\t\t\t\t\t\t\t<\/div>\n\t\t\t\t<\/div>\n\t\t\t\t\t<\/div>\n\t\t\t\t<\/div>\n\t\t\t\t<\/div>\n\t\t","protected":false},"excerpt":{"rendered":"<p>Qui est l&rsquo;auteur ? Arkad Dan est un auteur fascin\u00e9 par les m\u00e9andres de l&rsquo;esprit et les myst\u00e8res int\u00e9rieurs, il puise dans ses observations personnelles pour d\u00e9peindre des personnages aux destins entrelac\u00e9s, porteurs de v\u00e9rit\u00e9s cach\u00e9es derri\u00e8re leurs masques. Sa plume, \u00e0 la fois po\u00e9tique &hellip; <\/p>\n","protected":false},"author":1,"featured_media":0,"parent":0,"menu_order":0,"comment_status":"closed","ping_status":"closed","template":"","meta":{"footnotes":""},"class_list":["post-9","page","type-page","status-publish","hentry"],"_links":{"self":[{"href":"https:\/\/www.arkaddan.fr\/index.php\/wp-json\/wp\/v2\/pages\/9","targetHints":{"allow":["GET"]}}],"collection":[{"href":"https:\/\/www.arkaddan.fr\/index.php\/wp-json\/wp\/v2\/pages"}],"about":[{"href":"https:\/\/www.arkaddan.fr\/index.php\/wp-json\/wp\/v2\/types\/page"}],"author":[{"embeddable":true,"href":"https:\/\/www.arkaddan.fr\/index.php\/wp-json\/wp\/v2\/users\/1"}],"replies":[{"embeddable":true,"href":"https:\/\/www.arkaddan.fr\/index.php\/wp-json\/wp\/v2\/comments?post=9"}],"version-history":[{"count":9,"href":"https:\/\/www.arkaddan.fr\/index.php\/wp-json\/wp\/v2\/pages\/9\/revisions"}],"predecessor-version":[{"id":32,"href":"https:\/\/www.arkaddan.fr\/index.php\/wp-json\/wp\/v2\/pages\/9\/revisions\/32"}],"wp:attachment":[{"href":"https:\/\/www.arkaddan.fr\/index.php\/wp-json\/wp\/v2\/media?parent=9"}],"curies":[{"name":"wp","href":"https:\/\/api.w.org\/{rel}","templated":true}]}}